{"id":44,"date":"2020-03-26T00:07:46","date_gmt":"2020-03-26T00:07:46","guid":{"rendered":"http:\/\/domomv.com\/inter\/?page_id=44"},"modified":"2022-04-04T16:27:31","modified_gmt":"2022-04-04T20:27:31","slug":"procedure","status":"publish","type":"page","link":"https:\/\/intermarchebourget.ca\/index.php\/procedure\/","title":{"rendered":"Proc\u00e9dure de commande d&rsquo;\u00e9picerie"},"content":{"rendered":"\n<ol class=\"wp-block-list\"><li>Vous rendre \u00e0 l\u2019onglet commande d&rsquo;\u00e9picerie et remplissez les champs du formulaire.<br><\/li><li>Dans chacune des sections, entrez les informations suivantes : <strong>article, marque de commerce et format<\/strong> (pour vous inspirer, vous pouvez consulter la circulaire). Veuillez vous r\u00e9f\u00e9rer aux exemples fournis.<br><\/li><li>Suivez les instructions pour vous assurer que votre commande soit compl\u00e9t\u00e9e, notamment en entrant votre num\u00e9ro de t\u00e9l\u00e9phone afin que l\u2019on puisse vous joindre en cas de besoin*.<br><\/li><li>La commande sera pr\u00e9par\u00e9e par notre \u00e9quipe dans la m\u00eame journ\u00e9e afin de vous \u00eatre livr\u00e9e le plus rapidement possible (voir<strong><em> horaire de livraison<\/em><\/strong> selon le moment de l\u2019acheminement de votre commande).<br><\/li><li><strong>IMPORTANT :<\/strong> Livraison possible avec 25 $ et plus d\u2019achats (les achats de tabac sont exclus). Vous r\u00e9f\u00e9rez \u00e0 la section \u00ab frais de livraison \u00bb pour les tarifs.<br><\/li><li>Possibilit\u00e9 de payer par carte de cr\u00e9dit par t\u00e9l\u00e9phone (aucun argent comptant ou ch\u00e8que ne sera accept\u00e9).<br><\/li><\/ol>\n\n\n\n<p class=\"has-text-align-center\"><strong>Frais de livraison\u00a0:<\/strong><\/p>\n\n\n\n<p class=\"has-text-align-center\"><span class=\"has-inline-color has-vivid-red-color\">(Les prix de livraison varie selon l&rsquo;adresse)<\/span><\/p>\n\n\n\n<p><\/p>\n\n\n\n<p class=\"has-text-align-center\"><a href=\"https:\/\/intermarchebourget.ca\/wp-content\/uploads\/2020\/06\/PRIX_LIVRAISON.pdf\">PRIX_LIVRAISON.pdf<\/a><\/p>\n\n\n\n<p>*Veuillez prendre note qu\u2019aucune information personnelle ne sera conserv\u00e9e, utilis\u00e9e dans un but de promotion ou acheminer \u00e0 diff\u00e9rents intervenants. La confidentialit\u00e9 est de mise.<\/p>\n\n\n\n<figure class=\"wp-block-gallery columns-1 is-cropped wp-block-gallery-1 is-layout-flex wp-block-gallery-is-layout-flex\"><ul class=\"blocks-gallery-grid\"><li class=\"blocks-gallery-item\"><figure><img loading=\"lazy\" decoding=\"async\" width=\"788\" height=\"151\" src=\"http:\/\/192.168.123.115\/wp-content\/uploads\/2020\/03\/Capture-6.png\" alt=\"\" data-id=\"216\" data-full-url=\"http:\/\/192.168.123.115\/wp-content\/uploads\/2020\/03\/Capture-6.png\" data-link=\"http:\/\/intermarchebourget.ca\/procedure\/capture-6\/\" class=\"wp-image-216\" srcset=\"https:\/\/intermarchebourget.ca\/wp-content\/uploads\/2020\/03\/Capture-6.png 788w, https:\/\/intermarchebourget.ca\/wp-content\/uploads\/2020\/03\/Capture-6-300x57.png 300w, https:\/\/intermarchebourget.ca\/wp-content\/uploads\/2020\/03\/Capture-6-768x147.png 768w\" sizes=\"auto, (max-width: 788px) 100vw, 788px\" \/><\/figure><\/li><\/ul><\/figure>\n\n\n\n<p><\/p>\n","protected":false},"excerpt":{"rendered":"<p>Vous rendre \u00e0 l\u2019onglet commande d&rsquo;\u00e9picerie et remplissez les champs du formulaire. Dans chacune des sections, entrez les informations suivantes : article, marque de commerce et format (pour vous inspirer, vous pouvez consulter la circulaire). Veuillez vous r\u00e9f\u00e9rer aux exemples fournis. Suivez les instructions pour vous assurer que votre commande soit compl\u00e9t\u00e9e, notamment en entrant&hellip;&nbsp;<a href=\"https:\/\/intermarchebourget.ca\/index.php\/procedure\/\" rel=\"bookmark\">Lire la suite &raquo;<span class=\"screen-reader-text\">Proc\u00e9dure de commande d&rsquo;\u00e9picerie<\/span><\/a><\/p>\n","protected":false},"author":1,"featured_media":0,"parent":0,"menu_order":0,"comment_status":"closed","ping_status":"closed","template":"","meta":{"neve_meta_sidebar":"","neve_meta_container":"","neve_meta_enable_content_width":"","neve_meta_content_width":0,"neve_meta_title_alignment":"","neve_meta_author_avatar":"","neve_post_elements_order":"","neve_meta_disable_header":"","neve_meta_disable_footer":"","neve_meta_disable_title":"","footnotes":""},"class_list":["post-44","page","type-page","status-publish","hentry"],"_links":{"self":[{"href":"https:\/\/intermarchebourget.ca\/index.php\/wp-json\/wp\/v2\/pages\/44","targetHints":{"allow":["GET"]}}],"collection":[{"href":"https:\/\/intermarchebourget.ca\/index.php\/wp-json\/wp\/v2\/pages"}],"about":[{"href":"https:\/\/intermarchebourget.ca\/index.php\/wp-json\/wp\/v2\/types\/page"}],"author":[{"embeddable":true,"href":"https:\/\/intermarchebourget.ca\/index.php\/wp-json\/wp\/v2\/users\/1"}],"replies":[{"embeddable":true,"href":"https:\/\/intermarchebourget.ca\/index.php\/wp-json\/wp\/v2\/comments?post=44"}],"version-history":[{"count":5,"href":"https:\/\/intermarchebourget.ca\/index.php\/wp-json\/wp\/v2\/pages\/44\/revisions"}],"predecessor-version":[{"id":281,"href":"https:\/\/intermarchebourget.ca\/index.php\/wp-json\/wp\/v2\/pages\/44\/revisions\/281"}],"wp:attachment":[{"href":"https:\/\/intermarchebourget.ca\/index.php\/wp-json\/wp\/v2\/media?parent=44"}],"curies":[{"name":"wp","href":"https:\/\/api.w.org\/{rel}","templated":true}]}}